{"id":1172,"date":"2018-09-13T14:42:02","date_gmt":"2018-09-13T12:42:02","guid":{"rendered":"http:\/\/divan.nu\/?page_id=1172"},"modified":"2026-04-28T08:32:09","modified_gmt":"2026-04-28T06:32:09","slug":"instruktioner-for-forfattare-till-texter-i-divan","status":"publish","type":"page","link":"http:\/\/divan.nu\/?page_id=1172","title":{"rendered":"Instruktioner f\u00f6r f\u00f6rfattare till texter i Divan"},"content":{"rendered":"<p class=\"p1\"><b>Instruktioner f\u00f6r f\u00f6rfattare till texter i Divan<\/b><\/p>\n<p class=\"p4\">F\u00f6ljande \u00f6nskas vara klart n\u00e4r en text kommer Divan tillhanda:<\/p>\n<p class=\"p6\"><b>Rubrik <\/b><\/p>\n<p class=\"p8\"><span class=\"s1\"><b>Ingress <\/b><\/span>(200 &#8211; 250 tkn)<\/p>\n<p class=\"p9\"><span class=\"s1\"><b>Mellanrubriker<\/b><\/span><b> <\/b>(i l\u00e4ngre teoretiska texter, s\u00e5 korta som m\u00f6jligt, inte \u00f6ver 30 tkn)<\/p>\n<p class=\"p11\"><span class=\"s3\"><b><br \/>\n<\/b><\/span><b>H\u00e4nvisningar:<\/b><\/p>\n<p class=\"p9\">L\u00e4gg dem i st\u00f6rsta m\u00f6jliga m\u00e5n inne i l\u00f6ptexten enligt f\u00f6ljande exempel:<\/p>\n<p class=\"p9\">Den brittiske psykoanalytikern Roger Money-Kyrle (1968, 1971) har presenterat en teori som i korta\u2026<\/p>\n<p class=\"p12\">\u2026under den psykosexuella utvecklingen (jfr Freud 1923, s. 322\u2013330; 1924; 1925).<\/p>\n<p class=\"p9\">OBS: vid sidh\u00e4nvisning: s. 9 (allts\u00e5 punkt mellanslag siffra).<\/p>\n<p class=\"p14\"><b>I de fall noter ska vara med:<\/b><\/p>\n<p class=\"p15\">\u2013 S\u00e5 f\u00e5 noter som m\u00f6jligt.<\/p>\n<p class=\"p15\">\u2013 Stryk ner l\u00e5nga noter, alt. baka in dem i br\u00f6dtexten.<\/p>\n<p class=\"p14\"><b>Citat:<\/b><\/p>\n<p class=\"p15\">Markera citat s\u00e5 tydligt som bara \u00e4r m\u00f6jligt, s\u00e5 att de inte riskerar att fogas in som l\u00f6ptext.<br \/>\nAlla citat ska \u00f6vers\u00e4ttas till svenska.<\/p>\n<p class=\"p14\"><b>F\u00f6rkortningar:<\/b><\/p>\n<p class=\"p15\">\u2013 Skriv ut alla f\u00f6rkortningar, exempelvis: dvs, etc = det vill s\u00e4ga, et cetera<br \/>\n<i>Undantag<\/i> g\u00e4ller i h\u00e4nvisningar och ev noter: beh\u00e5ll jfr, ibid och liknande.<\/p>\n<p class=\"p15\">\u2013 Sidnummer anges med bokstaven s. (med punkt) sedan mellanslag och siffra.<\/p>\n<p class=\"p16\"><span class=\"Apple-converted-space\">\u00a0<\/span><b>Litteraturlistan:<\/b><\/p>\n<p class=\"p15\">\u2013 Kursivera titeln.<\/p>\n<p class=\"p15\">\u2013 Skriv inte namn med versaler. (Divans formgivare g\u00f6r om texten fr\u00e5n gemener till kapit\u00e4ler.)<\/p>\n<p class=\"p15\">\u2013 Observera hur punkter och kolon ska placeras.<\/p>\n<p class=\"p15\">Informationen ska radas upp i samma f\u00f6ljdordning som i exemplen nedan.<\/p>\n<p>&nbsp;<\/p>\n<p class=\"p14\"><b>F\u00f6r referenser till b\u00f6cker:<\/b><\/p>\n<p class=\"p15\">Namn, F. (20YY = \u00e5rtal f\u00f6r originalutg\u00e5va): <i>Bokens namn i kursiv. <\/i>Utgivningsort: F\u00f6rlag 20XX (= \u00e5rtal f\u00f6r den utg\u00e5va som anv\u00e4nts i detta sammanhang, om annan \u00e4n originalutg\u00e5van. Om originalet anv\u00e4nts beh\u00f6vs inget \u00e5rtal i slutet).<\/p>\n<p class=\"p15\"><span class=\"s4\">Exempel:<\/span><\/p>\n<p class=\"p19\">Gaita, R. (2002): <i>A Common Humanity<\/i>. London, New York: Routledge.<\/p>\n<p class=\"p19\">OBS: engelska titlar med inledande versal.<\/p>\n<p class=\"p19\">Laing, R.D (1960): <i>Det kluvna jaget<\/i>. (J. Russel, \u00f6vers.) Stockholm: Bonniers 1973.<\/p>\n<p class=\"p20\"><span class=\"s4\">Freuds Samlade skrifter:<\/span><\/p>\n<p class=\"p20\">Exempel:<\/p>\n<p class=\"p21\">Freud, S. (1900): <i>Dr\u00f6mtydning. <\/i>S.Skr. II. <em>. <\/em>(J. Landquist, \u00f6vers.) Stockholm: Natur &amp; Kultur 1996.<\/p>\n<p class=\"p20\"><span class=\"Apple-converted-space\">\u00a0\u00a0 <\/span>(Notera kursiv p\u00e5 <i>Dr\u00f6mtydning<\/i> och rak p\u00e5 S.Skr)<\/p>\n<p>&nbsp;<\/p>\n<p class=\"p23\"><b>F\u00f6r referenser till artiklar\/ess\u00e4er:<br \/>\n<\/b><\/p>\n<p class=\"p23\"><i>Ur b\u00f6cker:<\/i><\/p>\n<p class=\"p20\">F\u00f6rfattare, X. (utgivnings\u00e5r): \u201dArtikelns namn inom citationstecken\u201d. <i>Boknamnet i Kursiv.<\/i> Utgivningsort: F\u00f6rlag 20XX.<\/p>\n<p class=\"p20\"><span class=\"s4\">Exempel:<\/span><\/p>\n<p class=\"p20\">Winnicott, D.W. (1960): \u201dF\u00f6rvr\u00e4ngningar av jaget i f\u00f6rh\u00e5llande till det sanna och det falska sj\u00e4lvet\u201d. (M. Wentz-Edgardh, \u00f6vers.) <i>Den skapande impulsen<\/i>. Stockholm: Natur &amp; Kultur 1993.<\/p>\n<p class=\"p23\"><i>Ur tidningar\/tidskrifter: <\/i><\/p>\n<p class=\"p20\">F\u00f6rfattare, X. (utgivnings\u00e5r): \u201dArtikelns namn inom citationstecken\u201d. <i>Tidskriftsnamnet Kursiv,<\/i> utg\u00e5vans nummer eller publiceringsdatum (vid exv dagstidningsartiklar), ev. sidnummer.<\/p>\n<p class=\"p15\"><span class=\"s4\">Exempel:<\/span><\/p>\n<p class=\"p15\">Eriksson, J. (2014): \u201dThe Form of the Soul \u2013 on the Body in Freud\u00b4s Psychoanalysis\u201d. <i>The Scandinavian Psychoanalytic Review,<\/i> 2.<\/p>\n<p class=\"p15\">Lothane, Z. (2010): \u201cThe analysand and analyst team practicing reciprocal free association\u201d. <i>International Journal of Psychoanalysis<\/i>, 19.<\/p>\n<p class=\"p15\">Stein, R. (1998): \u201cThe poignant, the excessive and the enigmatic in sexuality\u201d. <i>International Journal of Psychoanalysis<\/i>, 79, s. 253-268.<\/p>\n","protected":false},"excerpt":{"rendered":"<p>Instruktioner f\u00f6r f\u00f6rfattare till texter i Divan F\u00f6ljande \u00f6nskas vara klart n\u00e4r en text kommer Divan tillhanda: Rubrik Ingress (200 &#8211; 250 tkn) Mellanrubriker (i l\u00e4ngre teoretiska texter, s\u00e5 korta som m\u00f6jligt, inte \u00f6ver 30 tkn) H\u00e4nvisningar: L\u00e4gg dem i st\u00f6rsta m\u00f6jliga m\u00e5n inne i l\u00f6ptexten enligt f\u00f6ljande exempel: Den brittiske psykoanalytikern Roger Money-Kyrle (1968,&hellip; <\/p>\n<div class=\"readmore-wrapper\"><a href=\"http:\/\/divan.nu\/?page_id=1172\" class=\"more-link\">Read More<\/a><\/div>\n","protected":false},"author":1,"featured_media":0,"parent":37,"menu_order":1,"comment_status":"closed","ping_status":"closed","template":"","meta":{"footnotes":""},"class_list":["post-1172","page","type-page","status-publish","hentry"],"_links":{"self":[{"href":"http:\/\/divan.nu\/index.php?rest_route=\/wp\/v2\/pages\/1172","targetHints":{"allow":["GET"]}}],"collection":[{"href":"http:\/\/divan.nu\/index.php?rest_route=\/wp\/v2\/pages"}],"about":[{"href":"http:\/\/divan.nu\/index.php?rest_route=\/wp\/v2\/types\/page"}],"author":[{"embeddable":true,"href":"http:\/\/divan.nu\/index.php?rest_route=\/wp\/v2\/users\/1"}],"replies":[{"embeddable":true,"href":"http:\/\/divan.nu\/index.php?rest_route=%2Fwp%2Fv2%2Fcomments&post=1172"}],"version-history":[{"count":12,"href":"http:\/\/divan.nu\/index.php?rest_route=\/wp\/v2\/pages\/1172\/revisions"}],"predecessor-version":[{"id":2129,"href":"http:\/\/divan.nu\/index.php?rest_route=\/wp\/v2\/pages\/1172\/revisions\/2129"}],"up":[{"embeddable":true,"href":"http:\/\/divan.nu\/index.php?rest_route=\/wp\/v2\/pages\/37"}],"wp:attachment":[{"href":"http:\/\/divan.nu\/index.php?rest_route=%2Fwp%2Fv2%2Fmedia&parent=1172"}],"curies":[{"name":"wp","href":"https:\/\/api.w.org\/{rel}","templated":true}]}}